{"id":1330,"date":"2017-11-15T22:27:10","date_gmt":"2017-11-15T20:27:10","guid":{"rendered":"https:\/\/herbakastely.hu\/?page_id=1330\/"},"modified":"2017-11-15T22:33:35","modified_gmt":"2017-11-15T20:33:35","slug":"kozmetikai-szalon-2","status":"publish","type":"page","link":"https:\/\/herbakastely.hu\/en\/kozmetikai-szalon-2\/","title":{"rendered":"Orvosi eszt\u00e9tika"},"content":{"rendered":"<div id='page-header-photo'  class='avia-section main_color avia-section-default avia-no-shadow  avia-full-stretch avia-bg-style-fixed  avia-builder-el-0  el_before_av_section  avia-builder-el-first   av-minimum-height av-minimum-height-75  container_wrap sidebar_right' style='background-repeat: no-repeat; background-image: url(https:\/\/herbakastely.hu\/hk-content\/uploads\/2017\/11\/vviki-treatment-1-1030x687.jpg);background-attachment: fixed; background-position: center center;  '  data-section-bg-repeat='stretch' data-av_minimum_height_pc='75'><div class='container' ><main  role=\"main\" itemprop=\"mainContentOfPage\"  class='template-page content  av-content-small alpha units'><div class='post-entry post-entry-type-page post-entry-1330'><div class='entry-content-wrapper clearfix'>\n<\/div><\/div><\/main><!-- close content main element --><\/div><\/div><div id='page-title'  class='avia-section alternate_color avia-section-default avia-shadow  avia-bg-style-fixed  avia-builder-el-1  el_after_av_section  el_before_av_section   av-arrow-down-section container_wrap sidebar_right' style='background-color: #bfa965;  '  ><div class='container' ><div class='template-page content  av-content-small alpha units'><div class='post-entry post-entry-type-page post-entry-1330'><div class='entry-content-wrapper clearfix'>\n<div  style='padding-bottom:10px; color:#ffffff;font-size:30px;' class='av-special-heading av-special-heading-h1 custom-color-heading blockquote modern-quote modern-centered  avia-builder-el-2  avia-builder-el-no-sibling  av-inherit-size '><h1 class='av-special-heading-tag '  itemprop=\"headline\"  >B\u0151rgy\u00f3gy\u00e1szati \u00e9s orvosi eszt\u00e9tikai kezel\u00e9sek<\/h1><div class='special-heading-border'><div class='special-heading-inner-border' style='border-color:#ffffff'><\/div><\/div><\/div>\n\n<\/div><\/div><\/div><!-- close content main div --><\/div><div class='av-extra-border-element border-extra-arrow-down'><div class='av-extra-border-outer'><div class='av-extra-border-inner'  style='background-color:#bfa965;' ><\/div><\/div><\/div><\/div><div id='alap-kezelesek'  class='avia-section footer_color avia-section-default avia-no-border-styling  avia-full-stretch avia-bg-style-fixed  avia-builder-el-3  el_after_av_section  el_before_av_section   container_wrap sidebar_right' style='background-repeat: no-repeat; background-image: url(https:\/\/herbakastely.hu\/hk-content\/uploads\/2016\/05\/kozmetikai-kezelesek-blurred-02-1030x644.jpg);background-attachment: fixed; background-position: center center;  '  data-section-bg-repeat='stretch'><div class='container' ><div class='template-page content  av-content-small alpha units'><div class='post-entry post-entry-type-page post-entry-1330'><div class='entry-content-wrapper clearfix'>\n<div  style='padding-bottom:0px; font-size:30px;' class='av-special-heading av-special-heading-h3  blockquote modern-quote modern-centered  avia-builder-el-4  el_before_av_textblock  avia-builder-el-first  av-inherit-size '><h3 class='av-special-heading-tag '  itemprop=\"headline\"  >Dr. Varga Vikt\u00f3ria, b\u0151rgy\u00f3gy\u00e1sz szakorvos<\/h3><div class='special-heading-border'><div class='special-heading-inner-border' ><\/div><\/div><\/div>\n<section class=\"av_textblock_section \"  itemscope=\"itemscope\" itemtype=\"https:\/\/schema.org\/CreativeWork\" ><div class='avia_textblock  '   itemprop=\"text\" ><p style=\"text-align: center;\">B\u0151rgy\u00f3gy\u00e1szati \u00e9s orvosi eszt\u00e9tikai vizsg\u00e1latainkat Dr. Varga Vikt\u00f3ria, b\u0151rgy\u00f3gy\u00e1sz szakorvos v\u00e9gzi, aki sz\u00e1mos szakter\u00fcleten szerzett tapasztalatot, t\u00f6bbek k\u00f6zt a b\u0151rseb\u00e9szetben, melan\u00f3ma sz\u0171r\u00e9sben, gyermekb\u0151rgy\u00f3gy\u00e1szatban \u00e9s \u00e9g\u00e9si s\u00e9r\u00fcl\u00e9sek kezel\u00e9s\u00e9ben.<br \/>\nF\u0151 profilja az orvosi kozmetol\u00f3gia, ezen bel\u00fcl a r\u00e1ncfelt\u00f6lt\u00e9s, botox kezel\u00e9s, k\u00e9miai h\u00e1mlaszt\u00e1s \u00e9s ezek kombin\u00e1lt alkalmaz\u00e1sa. \u00daj szolg\u00e1ltat\u00e1saink sor\u00e1n a leg\u00fajabb orvostechnikai \u00e9s tudom\u00e1nyos innov\u00e1ci\u00f3k ny\u00fajtotta lehet\u0151s\u00e9geket \u00f6tv\u00f6zi egy\u00e9nre szabva pacienseinknek.<\/p>\n<\/div><\/section>\n\n<\/div><\/div><\/div><!-- close content main div --><\/div><\/div><div id='ossejtes-kezelesek'  class='avia-section alternate_color avia-section-large avia-shadow  avia-full-stretch avia-bg-style-fixed  avia-builder-el-6  el_after_av_section  el_before_av_section   container_wrap sidebar_right' style='background-repeat: no-repeat; background-image: url(https:\/\/herbakastely.hu\/hk-content\/uploads\/2016\/05\/kozmetikai-kezelesek-blurred-02.jpg);background-attachment: fixed; background-position: center center;  '  data-section-bg-repeat='stretch'><div class='container' ><div class='template-page content  av-content-small alpha units'><div class='post-entry post-entry-type-page post-entry-1330'><div class='entry-content-wrapper clearfix'>\n<div  style='padding-bottom:0px; font-size:30px;' class='av-special-heading av-special-heading-h3  blockquote modern-quote modern-centered  avia-builder-el-7  el_before_av_textblock  avia-builder-el-first  av-inherit-size '><h3 class='av-special-heading-tag '  itemprop=\"headline\"  >B\u0151rgy\u00f3gy\u00e1szati kezel\u00e9sek<\/h3><div class='special-heading-border'><div class='special-heading-inner-border' ><\/div><\/div><\/div>\n<section class=\"av_textblock_section \"  itemscope=\"itemscope\" itemtype=\"https:\/\/schema.org\/CreativeWork\" ><div class='avia_textblock  '   itemprop=\"text\" ><p>Feln\u0151tt b\u0151rgy\u00f3gy\u00e1szati vizsg\u00e1lat (20 perc ): 10\u00a0000 Ft.<\/p>\n<p>Gyermek b\u0151rgy\u00f3gy\u00e1szati vizsg\u00e1lat (20 perc): 10\u00a0000 Ft.<\/p>\n<p>Kontroll vizsg\u00e1lat (10 perc): 5\u00a0000 Ft.<\/p>\n<p>Recept\u00edr\u00e1s: 2 000 Ft.<\/p>\n<p>Anyajegy-melanoma sz\u0171r\u00e9s (20 perc, eg\u00e9sz testfel\u00fclet): 12\u00a0000 Ft.<\/p>\n<p>Fibroma, szem\u00f6lcs elt\u00e1vol\u00edt\u00e1s (20-50 perc): 15\u00a0000-30\u00a0000 Ft.<\/p>\n<p>Anyajegy m\u0171t\u00e9t d\u00edja: 35 000 Ft \/ elt\u00e1vol\u00edtott anyajegy<\/p>\n<p>Sz\u00f6vettani vizsg\u00e1lat: 5000 Ft \/anyajegy<\/p>\n<p>Immunsz\u00f6vettani vizsg\u00e1lat: 2700 Ft \/ reagens<\/p>\n<p>Ha egy alkalommal t\u00f6bb anyajegy elt\u00e1vol\u00edt\u00e1s\u00e1t k\u00e9ri, egyedi \u00e1raj\u00e1nlatot adunk.<\/p>\n<\/div><\/section>\n<\/div><\/div><\/div><!-- close content main div --><\/div><\/div><div id='ossejtes-kezelesek'  class='avia-section alternate_color avia-section-default avia-shadow  avia-full-stretch avia-bg-style-fixed  avia-builder-el-9  el_after_av_section  el_before_av_section   container_wrap sidebar_right' style='background-repeat: no-repeat; background-image: url(https:\/\/herbakastely.hu\/hk-content\/uploads\/2016\/05\/kozmetikai-kezelesek-blurred-02.jpg);background-attachment: fixed; background-position: center center;  '  data-section-bg-repeat='stretch'><div class='container' ><div class='template-page content  av-content-small alpha units'><div class='post-entry post-entry-type-page post-entry-1330'><div class='entry-content-wrapper clearfix'>\n<div  style='padding-bottom:0px; font-size:30px;' class='av-special-heading av-special-heading-h3  blockquote modern-quote modern-centered  avia-builder-el-10  el_before_av_one_full  avia-builder-el-first  av-inherit-size '><h3 class='av-special-heading-tag '  itemprop=\"headline\"  >Orvosi eszt\u00e9tikai kezel\u00e9sek<\/h3><div class='special-heading-border'><div class='special-heading-inner-border' ><\/div><\/div><\/div>\n<div class=\"flex_column av_one_full  flex_column_div av-zero-column-padding first  avia-builder-el-11  el_after_av_heading  el_before_av_one_full  \" style='border-radius:0px; '><p><div  style='padding-bottom:10px; ' class='av-special-heading av-special-heading-h3  blockquote modern-quote  avia-builder-el-12  el_before_av_textblock  avia-builder-el-first  '><h3 class='av-special-heading-tag '  itemprop=\"headline\"  >Eszt\u00e9tikai konzult\u00e1ci\u00f3<\/h3><div class='special-heading-border'><div class='special-heading-inner-border' ><\/div><\/div><\/div><br \/>\n<section class=\"av_textblock_section \"  itemscope=\"itemscope\" itemtype=\"https:\/\/schema.org\/CreativeWork\" ><div class='avia_textblock  '   itemprop=\"text\" ><p>Az eszt\u00e9tikai konzult\u00e1ci\u00f3 sor\u00e1n Dr. Varga Vikt\u00f3ria teljes b\u0151rdiagnosztikai vizsg\u00e1latot v\u00e9gez, ez\u00e9rt k\u00e9rj\u00fck, ha eszt\u00e9tikai konzult\u00e1ci\u00f3ra \u00e9rkezik, ne viseljen alapoz\u00f3t, aznap ne tegyen f\u00f6l reggel arckr\u00e9met.<\/p>\n<p>Az eszt\u00e9tikai konzult\u00e1ci\u00f3s d\u00edj mag\u00e1ba foglalja:<\/p>\n<p>-a tejes k\u00f6r\u0171 arcdiagnosztikai (sz\u00e1m\u00edt\u00f3g\u00e9pes) \u00e1llapotfelm\u00e9r\u00e9st<\/p>\n<p>-otthoni kezel\u00e9si tan\u00e1csad\u00e1st, az otthon alkalmazand\u00f3 kr\u00e9mekkel kapcsolatosan<\/p>\n<p>-b\u0151rt\u00edpus \u00e9s b\u0151r\u00e1llapot szerint szem\u00e9lyre szabott hossz\u00fa t\u00e1v\u00fa kezel\u00e9si tervet<\/p>\n<p>-a megbesz\u00e9lt kezel\u00e9sekre \u00e1raj\u00e1nlatot<\/p>\n<p>Eszt\u00e9tikai konzult\u00e1ci\u00f3 d\u00edja: 15 000 Ft.<\/p>\n<p>Amennyiben 100 000 Ft. f\u00f6l\u00f6tti szolg\u00e1ltat\u00e1st vesz ig\u00e9nybe, a konzult\u00e1ci\u00f3s d\u00edjat levonjuk a szolg\u00e1ltat\u00e1s \u00e1r\u00e1b\u00f3l egyszeri alkalommal.<\/p>\n<p>Ha a konzult\u00e1ci\u00f3 alkalm\u00e1val vesz ig\u00e9nybe 50 000 Ft. f\u00f6l\u00f6tti \u00e9rt\u00e9kben szolg\u00e1ltat\u00e1st, akkor nem sz\u00e1m\u00edtjuk fel a konzult\u00e1ci\u00f3s d\u00edjat.<\/p>\n<\/div><\/section><\/p><\/div><div class=\"flex_column av_one_full  flex_column_div av-zero-column-padding first  avia-builder-el-14  el_after_av_one_full  el_before_av_hr  column-top-margin\" style='border-radius:0px; '><p><div  style='padding-bottom:10px; ' class='av-special-heading av-special-heading-h3  blockquote modern-quote  avia-builder-el-15  el_before_av_textblock  avia-builder-el-first  '><h3 class='av-special-heading-tag '  itemprop=\"headline\"  >Ajakfel\u00f6lt\u00e9s<\/h3><div class='special-heading-border'><div class='special-heading-inner-border' ><\/div><\/div><\/div><br \/>\n<section class=\"av_textblock_section \"  itemscope=\"itemscope\" itemtype=\"https:\/\/schema.org\/CreativeWork\" ><div class='avia_textblock  '   itemprop=\"text\" ><p>(40 perc): 1 ampulla bead\u00e1sa 75 000 Ft.<\/p>\n<p>Ajakfelt\u00f6lt\u00e9s el\u0151tt \u00e9rz\u00e9stelen\u00edt\u00e9s sz\u00fcks\u00e9ges, ez\u00e9rt k\u00e9rj\u00fck, hogy a beavatkoz\u00e1s id\u0151pontja el\u0151tt 30 perccel \u00e9rkezzen.<\/p>\n<\/div><\/section><\/p><\/div><div  style=' margin-top:30px; margin-bottom:30px;'  class='hr hr-custom hr-center hr-icon-yes   avia-builder-el-17  el_after_av_one_full  el_before_av_one_full '><span class='hr-inner  inner-border-av-border-thin' style=' width:50px; max-width:45%;' ><span class='hr-inner-style'><\/span><\/span><span class='av-seperator-icon'  aria-hidden='true' data-av_icon='\ue8b8' data-av_iconfont='entypo-fontello'><\/span><span class='hr-inner  inner-border-av-border-thin' style=' width:50px; max-width:45%;' ><span class='hr-inner-style'><\/span><\/span><\/div>\n<div class=\"flex_column av_one_full  flex_column_div av-zero-column-padding first  avia-builder-el-18  el_after_av_hr  el_before_av_hr  \" style='border-radius:0px; '><p><div  style='padding-bottom:10px; ' class='av-special-heading av-special-heading-h3  blockquote modern-quote  avia-builder-el-19  el_before_av_textblock  avia-builder-el-first  '><h3 class='av-special-heading-tag '  itemprop=\"headline\"  >Bellys Mikrot\u0171s RF b\u0151rfiatal\u00edt\u00f3 kezel\u00e9s<\/h3><div class='special-heading-border'><div class='special-heading-inner-border' ><\/div><\/div><\/div><br \/>\n<section class=\"av_textblock_section \"  itemscope=\"itemscope\" itemtype=\"https:\/\/schema.org\/CreativeWork\" ><div class='avia_textblock  '   itemprop=\"text\" ><p>A Bellys mikrot\u0171s RF kezel\u00e9s el\u0151tt \u00e9rz\u00e9stelen\u00edt\u00e9s sz\u00fcks\u00e9ges, ez\u00e9rt k\u00e9rj\u00fck, hogy a beavatkoz\u00e1s id\u0151pontja el\u0151tt 30 perccel \u00e9rkezzen.<\/p>\n<p>A kezel\u00e9s teljes id\u0151tartama 1 \u00f3ra.<\/p>\n<p>A kezel\u00e9s d\u00edja: 3 alkalomb\u00f3l \u00e1ll\u00f3 kezel\u00e9s 180 000 Ft + aj\u00e1nd\u00e9k eszt\u00e9tikai konzult\u00e1ci\u00f3+aj\u00e1nd\u00e9k kezel\u0151fej<\/p>\n<p>Az els\u0151 kezel\u00e9s id\u0151pontj\u00e1t csak abban az esetben tudjuk r\u00f6gz\u00edteni, ha a k\u00f6vetkez\u0151 banksz\u00e1mla sz\u00e1mra a foglal\u00f3 \u00f6sszeg\u00e9t, 90 000 Ft-ot \u00e1tutal\u00e1s \u00fatj\u00e1n megkaptuk.<\/p>\n<\/div><\/section><\/p><\/div><div  style=' margin-top:30px; margin-bottom:30px;'  class='hr hr-custom hr-center hr-icon-yes   avia-builder-el-21  el_after_av_one_full  el_before_av_one_full '><span class='hr-inner  inner-border-av-border-thin' style=' width:50px; max-width:45%;' ><span class='hr-inner-style'><\/span><\/span><span class='av-seperator-icon'  aria-hidden='true' data-av_icon='\ue8b8' data-av_iconfont='entypo-fontello'><\/span><span class='hr-inner  inner-border-av-border-thin' style=' width:50px; max-width:45%;' ><span class='hr-inner-style'><\/span><\/span><\/div>\n<div class=\"flex_column av_one_full  flex_column_div av-zero-column-padding first  avia-builder-el-22  el_after_av_hr  el_before_av_hr  \" style='border-radius:0px; '><p><div  style='padding-bottom:10px; ' class='av-special-heading av-special-heading-h3  blockquote modern-quote  avia-builder-el-23  el_before_av_textblock  avia-builder-el-first  '><h3 class='av-special-heading-tag '  itemprop=\"headline\"  >K\u00e9miai h\u00e1mlaszt\u00e1s<\/h3><div class='special-heading-border'><div class='special-heading-inner-border' ><\/div><\/div><\/div><br \/>\n<section class=\"av_textblock_section \"  itemscope=\"itemscope\" itemtype=\"https:\/\/schema.org\/CreativeWork\" ><div class='avia_textblock  '   itemprop=\"text\" ><p>Minden k\u00e9miai h\u00e1mlaszt\u00e1sos kezel\u00e9shez otthoni alkalmaz\u00e1sra kr\u00e9mcsomag sz\u00fcks\u00e9ges.<\/p>\n<p>Fel\u00fcletes h\u00e1mlaszt\u00e1s (20 perc): 15\u00a0000 Ft.<\/p>\n<p>\u00c9rz\u00e9stelen\u00edt\u00e9s nem sz\u00fcks\u00e9ges, a b\u0151r max. 5 napig h\u00e1mlik, finoman, porszer\u0171en.<\/p>\n<p>K\u00f6z\u00e9p m\u00e9ly h\u00e1mlaszt\u00e1s(20 perc): 20\u00a0000 Ft.<\/p>\n<p>\u00c9rz\u00e9stelen\u00edt\u00e9s sz\u00fcks\u00e9ges, ez\u00e9rt k\u00e9rem, a kezel\u00e9s el\u0151tt 20 perccel \u00e9rkezzen, a b\u0151r k\u00f6zepes m\u00e9rt\u00e9kben, korp\u00e1z\u00f3an h\u00e1mlik, kb. 5-6 napig.<\/p>\n<p>Alapoz\u00f3t a kezel\u00e9s ut\u00e1n m\u00e1snapt\u00f3l lehet haszn\u00e1lni.<\/p>\n<p>M\u00e9ly h\u00e1mlaszt\u00e1s (25 perc): 25\u00a0000 Ft.<\/p>\n<p>\u00c9rz\u00e9stelen\u00edt\u00e9s sz\u00fcks\u00e9ges, ez\u00e9rt k\u00e9rem, a kezel\u00e9s el\u0151tt 30 perccel \u00e9rkezzen, a b\u0151r lap szerint h\u00e1mlik, kb. 7 napig.<\/p>\n<p>Alapoz\u00f3t a kezel\u00e9s ut\u00e1n m\u00e1snapt\u00f3l lehet haszn\u00e1lni.<\/p>\n<\/div><\/section><\/p><\/div><div  style=' margin-top:30px; margin-bottom:30px;'  class='hr hr-custom hr-center hr-icon-yes   avia-builder-el-25  el_after_av_one_full  el_before_av_one_full '><span class='hr-inner  inner-border-av-border-thin' style=' width:50px; max-width:45%;' ><span class='hr-inner-style'><\/span><\/span><span class='av-seperator-icon'  aria-hidden='true' data-av_icon='\ue8b8' data-av_iconfont='entypo-fontello'><\/span><span class='hr-inner  inner-border-av-border-thin' style=' width:50px; max-width:45%;' ><span class='hr-inner-style'><\/span><\/span><\/div>\n<div class=\"flex_column av_one_full  flex_column_div av-zero-column-padding first  avia-builder-el-26  el_after_av_hr  el_before_av_one_full  \" style='border-radius:0px; '><p><div  style='padding-bottom:10px; ' class='av-special-heading av-special-heading-h3  blockquote modern-quote  avia-builder-el-27  el_before_av_textblock  avia-builder-el-first  '><h3 class='av-special-heading-tag '  itemprop=\"headline\"  >Botox kezel\u00e9s<\/h3><div class='special-heading-border'><div class='special-heading-inner-border' ><\/div><\/div><\/div><br \/>\n<section class=\"av_textblock_section \"  itemscope=\"itemscope\" itemtype=\"https:\/\/schema.org\/CreativeWork\" ><div class='avia_textblock  '   itemprop=\"text\" ><p>1 r\u00e9gi\u00f3 kezel\u00e9se (15 perc): 40 000 Ft<\/p>\n<p>2 r\u00e9gi\u00f3 kezel\u00e9se (20 perc): 60 000 Ft<\/p>\n<p>3 r\u00e9gi\u00f3 kezel\u00e9se (35 perc):80 000 Ft<\/p>\n<\/div><\/section><br \/>\n<div  style=' margin-top:30px; margin-bottom:30px;'  class='hr hr-custom hr-center hr-icon-yes   avia-builder-el-29  el_after_av_textblock  avia-builder-el-last '><span class='hr-inner  inner-border-av-border-thin' style=' width:50px; max-width:45%;' ><span class='hr-inner-style'><\/span><\/span><span class='av-seperator-icon'  aria-hidden='true' data-av_icon='\ue8b8' data-av_iconfont='entypo-fontello'><\/span><span class='hr-inner  inner-border-av-border-thin' style=' width:50px; max-width:45%;' ><span class='hr-inner-style'><\/span><\/span><\/div><\/p><\/div><div class=\"flex_column av_one_full  flex_column_div av-zero-column-padding first  avia-builder-el-30  el_after_av_one_full  el_before_av_hr  column-top-margin\" style='border-radius:0px; '><p><div  style='padding-bottom:10px; ' class='av-special-heading av-special-heading-h3  blockquote modern-quote  avia-builder-el-31  el_before_av_textblock  avia-builder-el-first  '><h3 class='av-special-heading-tag '  itemprop=\"headline\"  >Hyaluronsavas r\u00e1ncfelt\u00f6lt\u00e9s<\/h3><div class='special-heading-border'><div class='special-heading-inner-border' ><\/div><\/div><\/div><br \/>\n<section class=\"av_textblock_section \"  itemscope=\"itemscope\" itemtype=\"https:\/\/schema.org\/CreativeWork\" ><div class='avia_textblock  '   itemprop=\"text\" ><p>1 ampulla hyaluronsav bead\u00e1sa 75 000 Ft<\/p>\n<\/div><\/section><\/p><\/div><div  style=' margin-top:30px; margin-bottom:30px;'  class='hr hr-custom hr-center hr-icon-yes   avia-builder-el-33  el_after_av_one_full  el_before_av_one_full '><span class='hr-inner  inner-border-av-border-thin' style=' width:50px; max-width:45%;' ><span class='hr-inner-style'><\/span><\/span><span class='av-seperator-icon'  aria-hidden='true' data-av_icon='\ue8b8' data-av_iconfont='entypo-fontello'><\/span><span class='hr-inner  inner-border-av-border-thin' style=' width:50px; max-width:45%;' ><span class='hr-inner-style'><\/span><\/span><\/div>\n<div class=\"flex_column av_one_full  flex_column_div av-zero-column-padding first  avia-builder-el-34  el_after_av_hr  avia-builder-el-last  \" style='border-radius:0px; '><p><div  style='padding-bottom:10px; ' class='av-special-heading av-special-heading-h3  blockquote modern-quote  avia-builder-el-35  el_before_av_textblock  avia-builder-el-first  '><h3 class='av-special-heading-tag '  itemprop=\"headline\"  >Mezo Pen kezel\u00e9s<\/h3><div class='special-heading-border'><div class='special-heading-inner-border' ><\/div><\/div><\/div><br \/>\n<section class=\"av_textblock_section \"  itemscope=\"itemscope\" itemtype=\"https:\/\/schema.org\/CreativeWork\" ><div class='avia_textblock  '   itemprop=\"text\" ><p>Mezo Pen kezel\u00e9s el\u0151tt \u00e9rz\u00e9stelen\u00edt\u00e9s sz\u00fcks\u00e9ges, ez\u00e9rt k\u00e9rj\u00fck, hogy a beavatkoz\u00e1s id\u0151pontja el\u0151tt 30 perccel \u00e9rkezzen.<\/p>\n<p>A kezel\u00e9shez otthoni kezel\u0151 kr\u00e9mcsomag sz\u00fcks\u00e9ges.<\/p>\n<p>A kezel\u00e9s ut\u00e1n m\u00e1snapt\u00f3l lehet alapoz\u00f3t haszn\u00e1lni.<\/p>\n<p>A kezel\u00e9s teljes id\u0151tartama 30 perc.<\/p>\n<p>A kezel\u00e9s d\u00edja: 1alkalom 30 000 Ft<\/p>\n<p>5 alkalomra sz\u00f3l\u00f3 b\u00e9rlet 135 000 Ft<\/p>\n<\/div><\/section><\/p><\/div>\n<\/p>\n<\/div><\/div><\/div><!-- close content main div --><\/div><\/div><div id='av_section_6'  class='avia-section main_color avia-section-default avia-no-shadow  avia-bg-style-scroll  avia-builder-el-37  el_after_av_section  avia-builder-el-last   container_wrap sidebar_right' style=' '  ><div class='container' ><div class='template-page content  av-content-small alpha units'><div class='post-entry post-entry-type-page post-entry-1330'><div class='entry-content-wrapper clearfix'>\n<div  class='av-social-sharing-box  avia-builder-el-38  el_before_av_hr  avia-builder-el-first  '><div class='av-share-box'><h5 class='av-share-link-description av-no-toc '>Oldal megoszt\u00e1sa<\/h5><ul class='av-share-box-list noLightbox'><li class='av-share-link av-social-link-facebook' ><a target=\"_blank\" aria-label=\"Share on Facebook\" href='https:\/\/www.facebook.com\/sharer.php?u=https:\/\/herbakastely.hu\/en\/kozmetikai-szalon-2\/&#038;t=Orvosi%20eszt%C3%A9tika' aria-hidden='false' data-av_icon='\ue8f3' data-av_iconfont='entypo-fontello' title='' data-avia-related-tooltip='Share on Facebook' rel=\"noopener\"><span class='avia_hidden_link_text'>Share on Facebook<\/span><\/a><\/li><li class='av-share-link av-social-link-twitter' ><a target=\"_blank\" aria-label=\"Share on Twitter\" href='https:\/\/twitter.com\/share?text=Orvosi%20eszt%C3%A9tika&#038;url=https:\/\/herbakastely.hu\/en\/?p=1330' aria-hidden='false' data-av_icon='\ue8f1' data-av_iconfont='entypo-fontello' title='' data-avia-related-tooltip='Share on Twitter' rel=\"noopener\"><span class='avia_hidden_link_text'>Share on Twitter<\/span><\/a><\/li><li class='av-share-link av-social-link-whatsapp' ><a target=\"_blank\" aria-label=\"Share on WhatsApp\" href='https:\/\/api.whatsapp.com\/send?text=https:\/\/herbakastely.hu\/en\/kozmetikai-szalon-2\/' aria-hidden='false' data-av_icon='\uf232' data-av_iconfont='entypo-fontello' title='' data-avia-related-tooltip='Share on WhatsApp' rel=\"noopener\"><span class='avia_hidden_link_text'>Share on WhatsApp<\/span><\/a><\/li><li class='av-share-link av-social-link-pinterest' ><a target=\"_blank\" aria-label=\"Share on Pinterest\" href='https:\/\/pinterest.com\/pin\/create\/button\/?url=https%3A%2F%2Fherbakastely.hu%2Fen%2Fkozmetikai-szalon-2%2F&#038;description=Orvosi%20eszt%C3%A9tika&#038;media=' aria-hidden='false' data-av_icon='\ue8f8' data-av_iconfont='entypo-fontello' title='' data-avia-related-tooltip='Share on Pinterest' rel=\"noopener\"><span class='avia_hidden_link_text'>Share on Pinterest<\/span><\/a><\/li><li class='av-share-link av-social-link-linkedin' ><a target=\"_blank\" aria-label=\"Share on LinkedIn\" href='https:\/\/linkedin.com\/shareArticle?mini=true&#038;title=Orvosi%20eszt%C3%A9tika&#038;url=https:\/\/herbakastely.hu\/en\/kozmetikai-szalon-2\/' aria-hidden='false' data-av_icon='\ue8fc' data-av_iconfont='entypo-fontello' title='' data-avia-related-tooltip='Share on LinkedIn' rel=\"noopener\"><span class='avia_hidden_link_text'>Share on LinkedIn<\/span><\/a><\/li><li class='av-share-link av-social-link-tumblr' ><a target=\"_blank\" aria-label=\"Share on Tumblr\" href='https:\/\/www.tumblr.com\/share\/link?url=https%3A%2F%2Fherbakastely.hu%2Fen%2Fkozmetikai-szalon-2%2F&#038;name=Orvosi%20eszt%C3%A9tika&#038;description=' aria-hidden='false' data-av_icon='\ue8fa' data-av_iconfont='entypo-fontello' title='' data-avia-related-tooltip='Share on Tumblr' rel=\"noopener\"><span class='avia_hidden_link_text'>Share on Tumblr<\/span><\/a><\/li><li class='av-share-link av-social-link-reddit' ><a target=\"_blank\" aria-label=\"Share on Reddit\" href='https:\/\/reddit.com\/submit?url=https:\/\/herbakastely.hu\/en\/kozmetikai-szalon-2\/&#038;title=Orvosi%20eszt%C3%A9tika' aria-hidden='false' data-av_icon='\ue927' data-av_iconfont='entypo-fontello' title='' data-avia-related-tooltip='Share on Reddit' rel=\"noopener\"><span class='avia_hidden_link_text'>Share on Reddit<\/span><\/a><\/li><li class='av-share-link av-social-link-mail' ><a  aria-label=\"Share by Mail\" href='mailto:?subject=Orvosi%20eszt%C3%A9tika&#038;body=https:\/\/herbakastely.hu\/en\/kozmetikai-szalon-2\/' aria-hidden='false' data-av_icon='\ue805' data-av_iconfont='entypo-fontello' title='' data-avia-related-tooltip='Share by Mail'><span class='avia_hidden_link_text'>Share by Mail<\/span><\/a><\/li><\/ul><\/div><\/div>\n<div  style='height:24px' class='hr hr-invisible   avia-builder-el-39  el_after_av_social_share  avia-builder-el-last '><span class='hr-inner ' ><span class='hr-inner-style'><\/span><\/span><\/div>\n<\/div><\/div><\/div><!-- close content main div --><\/div><\/div><div id='after_section_6'  class='main_color av_default_container_wrap container_wrap sidebar_right' style=' '  ><div class='container' ><div class='template-page content  av-content-small alpha units'><div class='post-entry post-entry-type-page post-entry-1330'><div class='entry-content-wrapper clearfix'>\n","protected":false},"excerpt":{"rendered":"","protected":false},"author":2,"featured_media":0,"parent":0,"menu_order":0,"comment_status":"closed","ping_status":"closed","template":"","meta":[],"_links":{"self":[{"href":"https:\/\/herbakastely.hu\/en\/wp-json\/wp\/v2\/pages\/1330"}],"collection":[{"href":"https:\/\/herbakastely.hu\/en\/wp-json\/wp\/v2\/pages"}],"about":[{"href":"https:\/\/herbakastely.hu\/en\/wp-json\/wp\/v2\/types\/page"}],"author":[{"embeddable":true,"href":"https:\/\/herbakastely.hu\/en\/wp-json\/wp\/v2\/users\/2"}],"replies":[{"embeddable":true,"href":"https:\/\/herbakastely.hu\/en\/wp-json\/wp\/v2\/comments?post=1330"}],"version-history":[{"count":0,"href":"https:\/\/herbakastely.hu\/en\/wp-json\/wp\/v2\/pages\/1330\/revisions"}],"wp:attachment":[{"href":"https:\/\/herbakastely.hu\/en\/wp-json\/wp\/v2\/media?parent=1330"}],"curies":[{"name":"wp","href":"https:\/\/api.w.org\/{rel}","templated":true}]}}