{"id":378,"date":"2015-09-02T11:51:07","date_gmt":"2015-09-02T11:51:07","guid":{"rendered":"https:\/\/herbakastely.hu\/?page_id=378&#038;lang=en"},"modified":"2015-12-10T14:28:53","modified_gmt":"2015-12-10T14:28:53","slug":"emop-projekt","status":"publish","type":"page","link":"https:\/\/herbakastely.hu\/en\/emop-projekt\/","title":{"rendered":"\u00c9MOP"},"content":{"rendered":"<div id='av_section_1'  class='avia-section main_color avia-section-no-padding avia-no-shadow  avia-full-stretch avia-bg-style-fixed  avia-builder-el-0  el_before_av_section  avia-builder-el-first   av-minimum-height av-minimum-height-75  container_wrap sidebar_right' style='background-repeat: no-repeat; background-image: url(https:\/\/herbakastely.hu\/hk-content\/uploads\/2015\/08\/heliad-d-herbakastely-home.jpg);background-attachment: fixed; background-position: center center;  '  data-section-bg-repeat='stretch' data-av_minimum_height_pc='75'><div class='container' ><main  role=\"main\" itemprop=\"mainContentOfPage\"  class='template-page content  av-content-small alpha units'><div class='post-entry post-entry-type-page post-entry-378'><div class='entry-content-wrapper clearfix'>\n<\/div><\/div><\/main><!-- close content main element --><\/div><\/div><div id='av_section_2'  class='avia-section main_color avia-section-default avia-no-shadow  avia-bg-style-scroll  avia-builder-el-1  el_after_av_section  avia-builder-el-last   container_wrap sidebar_right' style=' '  ><div class='container' ><div class='template-page content  av-content-small alpha units'><div class='post-entry post-entry-type-page post-entry-378'><div class='entry-content-wrapper clearfix'>\n<div  style='padding-bottom:36px; font-size:22px;' class='av-special-heading av-special-heading-h2  blockquote modern-quote  avia-builder-el-2  el_before_av_image  avia-builder-el-first  av-inherit-size '><h2 class='av-special-heading-tag '  itemprop=\"headline\"  >A Helia-D Kft. Gy\u00f3gyn\u00f6v\u00e9ny turisztikai fejleszt\u00e9se Tolcsv\u00e1n<br \/>\n\u00c9szak-Magyarorsz\u00e1gi Operat\u00edv Program<\/h2><div class ='av-subheading av-subheading_below  ' style='font-size:18px;'><p>Turisztikai attrakci\u00f3k \u00e9s szolg\u00e1ltat\u00e1sok fejleszt\u00e9se<br \/>\n\u00c9MOP-2.1.1\/B-12-2012-0043<\/p>\n<\/div><div class='special-heading-border'><div class='special-heading-inner-border' ><\/div><\/div><\/div>\n<div  class='avia-image-container  av-styling-    avia-builder-el-3  el_after_av_heading  el_before_av_textblock  avia-align-right '  itemprop=\"image\" itemscope=\"itemscope\" itemtype=\"https:\/\/schema.org\/ImageObject\"  ><div class='avia-image-container-inner'><div class='avia-image-overlay-wrap'><img class='wp-image-1806 avia-img-lazy-loading-not-1806 avia_image' src=\"https:\/\/herbakastely.hu\/hk-content\/uploads\/2015\/09\/szechenyi-cikkbe-en.png\" alt='' title='' height=\"418\" width=\"600\"  itemprop=\"thumbnailUrl\" srcset=\"https:\/\/herbakastely.hu\/hk-content\/uploads\/2015\/09\/szechenyi-cikkbe-en.png 600w, https:\/\/herbakastely.hu\/hk-content\/uploads\/2015\/09\/szechenyi-cikkbe-en-300x209.png 300w, https:\/\/herbakastely.hu\/hk-content\/uploads\/2015\/09\/szechenyi-cikkbe-en-450x314.png 450w\" sizes=\"(max-width: 600px) 100vw, 600px\" \/><\/div><\/div><\/div>\n<section class=\"av_textblock_section \"  itemscope=\"itemscope\" itemtype=\"https:\/\/schema.org\/CreativeWork\" ><div class='avia_textblock  '   itemprop=\"text\" ><p>A Helia-D Kft. projektje a Tolcsv\u00e1n tal\u00e1lhat\u00f3 m\u0171eml\u00e9ki Dessewffy-k\u00faria \u00e9p\u00fclet\u00e9t \u00faj\u00edtja fel \u00e9s alak\u00edtja \u00e1t gy\u00f3gyn\u00f6v\u00e9nyturisztikai bemutat\u00f3 k\u00f6zpontt\u00e1. Az \u00e9p\u00fclet udvar\u00e1ban egy gy\u00f3gyn\u00f6v\u00e9ny d\u00edszkertet alak\u00edt ki, mely b\u00e1rki sz\u00e1m\u00e1ra szabadon l\u00e1togathat\u00f3.<\/p>\n<p>A fejleszt\u00e9s c\u00e9lja olyan egyedi komplex turisztikai attrakci\u00f3 kialak\u00edt\u00e1sa, mely a vil\u00e1g\u00f6r\u00f6ks\u00e9gi Tokaj-hegyalja hagyom\u00e1nyaihoz illeszthet\u0151 programot k\u00edn\u00e1l, \u00fagy hogy a szezonalit\u00e1s cs\u00f6kkenjen \u00e9s a t\u00e9rs\u00e9g turisztikai l\u00e1togatotts\u00e1g\u00e1t \u00e9vi 10.000 f\u0151vel n\u00f6veli.<\/p>\n<p>A fejleszt\u00e9s c\u00e9lcsoportja f\u0151leg a n\u0151k \u00e9s csal\u00e1dosok, akik \u00e9rdekl\u0151dnek a gy\u00f3gyn\u00f6v\u00e9ny gy\u0171jt\u00e9s \u00e9s feldolgoz\u00e1s, valamint a sz\u00e9ps\u00e9gipar szolg\u00e1ltat\u00e1sai ir\u00e1nt. Tov\u00e1bbi c\u00e9lcsoport a t\u00e9rs\u00e9gbe \u00e9rkez\u0151 turist\u00e1k azon r\u00e9sze, akik alternat\u00edv programlehet\u0151s\u00e9geket keresnek a bork\u00f3stol\u00e1s mellett a Tokaji borvid\u00e9ken.<\/p>\n<p>A projekt eredm\u00e9nyek\u00e9ppen 5,5 \u00faj munkahely j\u00f6n l\u00e9tre, 20 darab \u00faj turisztikai szolg\u00e1ltat\u00e1s jelenik meg a t\u00e9rs\u00e9gben, 12 h\u00f3napon kereszt\u00fcl folyamatos nyitva tart\u00e1ssal.<br \/>\nA projekt a t\u00e9rs\u00e9g turisztikai szervezeteivel egy\u00fcttm\u0171k\u00f6dve val\u00f3sul meg, mely hossz\u00fa t\u00e1von hozz\u00e1j\u00e1rul a gazdas\u00e1gos \u00fczemeltet\u00e9s biztos\u00edt\u00e1s\u00e1hoz.<\/p>\n<p>A beruh\u00e1z\u00e1s nett\u00f3 \u00f6sszk\u00f6lts\u00e9ge 255.093.133 Ft, amelyb\u0151l az \u00c9MOP-2.1.1\/B-12-2012-0043\u00a0azonos\u00edt\u00f3 sz\u00e1m\u00fa projekt keret\u00e9ben elnyert t\u00e1mogat\u00e1s \u00f6sszege 178.565.193 Ft.<br \/>\nA p\u00e1ly\u00e1zat 70 %-os t\u00e1mogat\u00e1si ar\u00e1nyt \u00e9lvez.\u00a0A megval\u00f3s\u00edt\u00e1s id\u0151szaka: 2014. okt\u00f3ber 1. \u2013 2015. j\u00fanius 30.<\/p>\n<h3>A projekt keret\u00e9ben l\u00e9trehozand\u00f3 attrakci\u00f3, vagy szolg\u00e1ltat\u00e1sok le\u00edr\u00e1sa<\/h3>\n<p><em>Dessewffy-k\u00faria turisztikai c\u00e9l\u00fa hasznos\u00edt\u00e1sa: <\/em>alapjaiban renesz\u00e1nsz, de barokk jeleket is visel\u0151 haszn\u00e1laton k\u00edv\u00fcli, m\u0171eml\u00e9k \u00e9p\u00edtm\u00e9ny fel\u00faj\u00edt\u00e1sa l\u00e1togathat\u00f3v\u00e1 t\u00e9tele.<\/p>\n<p><em>Gy\u00f3gyn\u00f6v\u00e9ny bemutat\u00f3 kert kialak\u00edt\u00e1sa: <\/em>gy\u00f3gyn\u00f6v\u00e9nyek termeszt\u00e9s\u00e9re \u00e9s bemutat\u00e1s\u00e1ra alkalmas d\u00edszkert kialak\u00edt\u00e1sa, amely egyszerre funkcion\u00e1lis \u00e9s attrakt\u00edv. A kertben elhelyez\u00e9sre ker\u00fcl a vend\u00e9gek pihen\u00e9s\u00e9t szolg\u00e1l\u00f3 kerti pad, kerti sz\u00e9k, hullad\u00e9kgy\u0171jt\u0151 \u00e9s a ker\u00e9kp\u00e1rral \u00e9rkez\u0151 vend\u00e9gek r\u00e9sz\u00e9re ker\u00e9kp\u00e1r t\u00e1rol\u00e1s\u00e1ra alkalmas t\u00e1rol\u00f3.<\/p>\n<p><em>A gy\u00f3gyn\u00f6v\u00e9ny turisztikai k\u00f6zpontban ig\u00e9nybe vehet\u0151 szolg\u00e1ltat\u00e1sok <\/em>a k\u00f6vetkez\u0151k: gy\u00f3gyn\u00f6v\u00e9nyek begy\u0171jt\u00e9se, bemutat\u00e1sa, feldolgoz\u00e1sa, sz\u00e1r\u00edt\u00e1sa, csomagol\u00e1sa oktat\u00e1s\/bemutat\u00f3 keret\u00e9ben; gy\u00f3gyn\u00f6v\u00e9ny lep\u00e1rl\u00e1s folyamat\u00e1nak bemutat\u00e1sa; helyi gy\u00f3gyn\u00f6v\u00e9nyek \u00e9s azok haszn\u00e1lat\u00e1nak bemutat\u00e1sa interakt\u00edv eszk\u00f6z\u00f6kkel \u00e9s tanfolyamok keret\u00e9ben; Magyarorsz\u00e1g legnagyobb gy\u00f3gyn\u00f6v\u00e9nyk\u00f6nyves gy\u0171jtem\u00e9ny\u00e9nek megtekint\u00e9se; helyi k\u00e9zm\u0171ves \u00e9lelmiszerek k\u00f3stoltat\u00e1sa, \u00e1rus\u00edt\u00e1sa; k\u00e9zm\u0171ves kozmetikumok k\u00e9sz\u00edt\u00e9se (a gy\u00f3gyn\u00f6v\u00e9nyek \u00e9s ill\u00f3olajok haszn\u00e1lat\u00e1val) csoportos kurzusok keret\u00e9ben; massz\u00e1zs \u00e9s kozmetikai kezel\u00e9sek szolg\u00e1ltat\u00e1sa gy\u00f3gyn\u00f6v\u00e9ny alap\u00fa k\u00e9sz\u00edtm\u00e9nyek felhaszn\u00e1l\u00e1s\u00e1val; gyermek k\u00e9zm\u0171ves programok; bork\u00f3stol\u00e1s (egyszer\u0171 hideg- \u00e9s melegkonyhai k\u00edn\u00e1lattal, befejez\u0151-t\u00e1lal\u00f3 konyh\u00e1val), \u00e9s ki\u00e1ll\u00edt\u00e1sok.<\/p>\n<\/div><\/section>\n<\/div><\/div><\/div><!-- close content main div --><\/div><\/div><div id='after_section_2'  class='main_color av_default_container_wrap container_wrap sidebar_right' style=' '  ><div class='container' ><div class='template-page content  av-content-small alpha units'><div class='post-entry post-entry-type-page post-entry-378'><div class='entry-content-wrapper clearfix'>\n","protected":false},"excerpt":{"rendered":"","protected":false},"author":3,"featured_media":0,"parent":0,"menu_order":0,"comment_status":"closed","ping_status":"closed","template":"","meta":[],"_links":{"self":[{"href":"https:\/\/herbakastely.hu\/en\/wp-json\/wp\/v2\/pages\/378"}],"collection":[{"href":"https:\/\/herbakastely.hu\/en\/wp-json\/wp\/v2\/pages"}],"about":[{"href":"https:\/\/herbakastely.hu\/en\/wp-json\/wp\/v2\/types\/page"}],"author":[{"embeddable":true,"href":"https:\/\/herbakastely.hu\/en\/wp-json\/wp\/v2\/users\/3"}],"replies":[{"embeddable":true,"href":"https:\/\/herbakastely.hu\/en\/wp-json\/wp\/v2\/comments?post=378"}],"version-history":[{"count":0,"href":"https:\/\/herbakastely.hu\/en\/wp-json\/wp\/v2\/pages\/378\/revisions"}],"wp:attachment":[{"href":"https:\/\/herbakastely.hu\/en\/wp-json\/wp\/v2\/media?parent=378"}],"curies":[{"name":"wp","href":"https:\/\/api.w.org\/{rel}","templated":true}]}}