{"id":381,"date":"2015-08-31T12:34:45","date_gmt":"2015-08-31T12:34:45","guid":{"rendered":"https:\/\/herbakastely.hu\/?page_id=381&#038;lang=en"},"modified":"2016-06-22T08:55:45","modified_gmt":"2016-06-22T08:55:45","slug":"home","status":"publish","type":"page","link":"https:\/\/herbakastely.hu\/en\/home\/","title":{"rendered":"Home"},"content":{"rendered":"<div id='av_section_1'  class='avia-section main_color avia-section-no-padding avia-no-shadow  avia-full-stretch avia-bg-style-fixed  avia-builder-el-0  el_before_av_section  avia-builder-el-first   av-minimum-height av-minimum-height-75  container_wrap sidebar_right' style='background-repeat: no-repeat; background-image: url(https:\/\/herbakastely.hu\/hk-content\/uploads\/2015\/08\/heliad-d-herbakastely-home.jpg);background-attachment: fixed; background-position: center center;  '  data-section-bg-repeat='stretch' data-av_minimum_height_pc='75'><div class='container' ><main  role=\"main\" itemprop=\"mainContentOfPage\"  class='template-page content  av-content-small alpha units'><div class='post-entry post-entry-type-page post-entry-381'><div class='entry-content-wrapper clearfix'>\n<\/div><\/div><\/main><!-- close content main element --><\/div><\/div><div id='av_section_2'  class='avia-section footer_color avia-section-default avia-no-shadow  avia-bg-style-scroll  avia-builder-el-1  el_after_av_section  el_before_av_section   av-arrow-down-section container_wrap sidebar_right' style=' '  ><div class='container' ><div class='template-page content  av-content-small alpha units'><div class='post-entry post-entry-type-page post-entry-381'><div class='entry-content-wrapper clearfix'>\n<div  style='padding-bottom:10px; color:#ffffff;font-size:32px;' class='av-special-heading av-special-heading-h1 custom-color-heading blockquote modern-quote modern-centered  avia-builder-el-2  avia-builder-el-no-sibling  av-inherit-size '><h1 class='av-special-heading-tag '  itemprop=\"headline\"  >Helia-D Herbal House<br \/>\nVisitor <span class='special_amp'>&amp;<\/span> Beauty Centre<\/h1><div class='special-heading-border'><div class='special-heading-inner-border' style='border-color:#ffffff'><\/div><\/div><\/div>\n\n<\/div><\/div><\/div><!-- close content main div --><\/div><div class='av-extra-border-element border-extra-arrow-down'><div class='av-extra-border-outer'><div class='av-extra-border-inner'  style='background-color:#bfa965;' ><\/div><\/div><\/div><\/div><div id='av_section_3'  class='avia-section main_color avia-section-huge avia-no-border-styling  avia-bg-style-scroll  avia-builder-el-3  el_after_av_section  avia-builder-el-last   container_wrap sidebar_right' style=' '  ><div class='container' ><div class='template-page content  av-content-small alpha units'><div class='post-entry post-entry-type-page post-entry-381'><div class='entry-content-wrapper clearfix'>\n<div  style='padding-bottom:18px; ' class='av-special-heading av-special-heading-h2  blockquote modern-quote modern-centered  avia-builder-el-4  el_before_av_textblock  avia-builder-el-first  '><h2 class='av-special-heading-tag '  itemprop=\"headline\"  >Tokaj wine region, a cradle of beauty<\/h2><div class='special-heading-border'><div class='special-heading-inner-border' ><\/div><\/div><\/div>\n<section class=\"av_textblock_section \"  itemscope=\"itemscope\" itemtype=\"https:\/\/schema.org\/CreativeWork\" ><div class='avia_textblock  '  style='font-size:18px; '  itemprop=\"text\" ><p style=\"text-align: center;\">Helia-D is opening a herb and beauty centre in Tolcsva, in the heart of the famous Tokaj wine region for those interested in beauty care and in the charms of the wine region, the cradle of Tokaji Eszencia, a nectar legendary for its healing properties.<\/p>\n<\/div><\/section>\n<div   class='hr hr-default   avia-builder-el-6  el_after_av_textblock  el_before_av_heading '><span class='hr-inner ' ><span class='hr-inner-style'><\/span><\/span><\/div>\n<div  style='padding-bottom:36px; ' class='av-special-heading av-special-heading-h2  blockquote modern-quote modern-centered  avia-builder-el-7  el_after_av_hr  el_before_av_image  '><h2 class='av-special-heading-tag '  itemprop=\"headline\"  >Helia-D<\/h2><div class='special-heading-border'><div class='special-heading-inner-border' ><\/div><\/div><\/div>\n<div  class='avia-image-container  av-styling-    avia-builder-el-8  el_after_av_heading  el_before_av_textblock  avia-align- '  itemprop=\"image\" itemscope=\"itemscope\" itemtype=\"https:\/\/schema.org\/ImageObject\"  ><div class='avia-image-container-inner'><div class='avia-image-overlay-wrap'><img class='wp-image-1787 avia-img-lazy-loading-not-1787 avia_image' src=\"https:\/\/herbakastely.hu\/hk-content\/uploads\/2015\/08\/herbakastely-cikk-2015090106.jpg\" alt='' title='Helia-D Herba-kast\u00e9ly Gy\u00f3gyn\u00f6v\u00e9ny- \u00e9s Sz\u00e9ps\u00e9gk\u00f6zpont' height=\"420\" width=\"880\"  itemprop=\"thumbnailUrl\" srcset=\"https:\/\/herbakastely.hu\/hk-content\/uploads\/2015\/08\/herbakastely-cikk-2015090106.jpg 880w, https:\/\/herbakastely.hu\/hk-content\/uploads\/2015\/08\/herbakastely-cikk-2015090106-300x143.jpg 300w, https:\/\/herbakastely.hu\/hk-content\/uploads\/2015\/08\/herbakastely-cikk-2015090106-705x336.jpg 705w, https:\/\/herbakastely.hu\/hk-content\/uploads\/2015\/08\/herbakastely-cikk-2015090106-450x215.jpg 450w\" sizes=\"(max-width: 880px) 100vw, 880px\" \/><\/div><\/div><\/div>\n<section class=\"av_textblock_section \"  itemscope=\"itemscope\" itemtype=\"https:\/\/schema.org\/CreativeWork\" ><div class='avia_textblock  '   itemprop=\"text\" ><p>Helia-D, the most well-known company in Hungarian quality skincare, has renovated a stunning 16<sup>th<\/sup>-century villa to bring the world of skincare and beauty products closer to those interested in quality cosmetics.<\/p>\n<\/div><\/section>\n<div   class='hr hr-default   avia-builder-el-10  el_after_av_textblock  el_before_av_heading '><span class='hr-inner ' ><span class='hr-inner-style'><\/span><\/span><\/div>\n<div  style='padding-bottom:36px; ' class='av-special-heading av-special-heading-h2  blockquote modern-quote modern-centered  avia-builder-el-11  el_after_av_hr  el_before_av_image  '><h2 class='av-special-heading-tag '  itemprop=\"headline\"  >Explore inside Helia-D Herbal House<\/h2><div class='special-heading-border'><div class='special-heading-inner-border' ><\/div><\/div><\/div>\n<div  class='avia-image-container  av-styling-    avia-builder-el-12  el_after_av_heading  el_before_av_textblock  avia-align- '  itemprop=\"image\" itemscope=\"itemscope\" itemtype=\"https:\/\/schema.org\/ImageObject\"  ><div class='avia-image-container-inner'><div class='avia-image-overlay-wrap'><img class='wp-image-1788 avia-img-lazy-loading-not-1788 avia_image' src=\"https:\/\/herbakastely.hu\/hk-content\/uploads\/2015\/08\/herbakastely-cikk-2015090107.jpg\" alt='' title='Helia-D Herba-kast\u00e9ly Gy\u00f3gyn\u00f6v\u00e9ny- \u00e9s Sz\u00e9ps\u00e9gk\u00f6zpont' height=\"420\" width=\"880\"  itemprop=\"thumbnailUrl\" srcset=\"https:\/\/herbakastely.hu\/hk-content\/uploads\/2015\/08\/herbakastely-cikk-2015090107.jpg 880w, https:\/\/herbakastely.hu\/hk-content\/uploads\/2015\/08\/herbakastely-cikk-2015090107-300x143.jpg 300w, https:\/\/herbakastely.hu\/hk-content\/uploads\/2015\/08\/herbakastely-cikk-2015090107-705x336.jpg 705w, https:\/\/herbakastely.hu\/hk-content\/uploads\/2015\/08\/herbakastely-cikk-2015090107-450x215.jpg 450w\" sizes=\"(max-width: 880px) 100vw, 880px\" \/><\/div><\/div><\/div>\n<section class=\"av_textblock_section \"  itemscope=\"itemscope\" itemtype=\"https:\/\/schema.org\/CreativeWork\" ><div class='avia_textblock  '   itemprop=\"text\" ><p>Helia-D uses plant-based active ingredients in its products, and the Herbal House is the perfect opportunity to show plants in its garden suitable for healing and beautifying the visitors. Old prints of herbs and plants adorn the corridors of the Baroque mansion which has an extensive herbal library. The three exhibition rooms neighbouring the library present the long history of the beauty industry, starting from the collection of herbs and travelling through the history of the Hungarian beauty business, including success stories from the wine region, like Est\u00e9e Lauder.<\/p>\n<\/div><\/section>\n<div   class='hr hr-default   avia-builder-el-14  el_after_av_textblock  el_before_av_heading '><span class='hr-inner ' ><span class='hr-inner-style'><\/span><\/span><\/div>\n<div  style='padding-bottom:24px; ' class='av-special-heading av-special-heading-h2  blockquote modern-quote modern-centered  avia-builder-el-15  el_after_av_hr  el_before_av_three_fourth  '><h2 class='av-special-heading-tag '  itemprop=\"headline\"  >Cosmetics workshops and salons<\/h2><div class='special-heading-border'><div class='special-heading-inner-border' ><\/div><\/div><\/div>\n<div class=\"flex_column av_three_fourth  flex_column_div av-zero-column-padding first  avia-builder-el-16  el_after_av_heading  el_before_av_one_fourth  \" style='border-radius:0px; '><section class=\"av_textblock_section \"  itemscope=\"itemscope\" itemtype=\"https:\/\/schema.org\/CreativeWork\" ><div class='avia_textblock  '   itemprop=\"text\" ><p>Besides providing information and knowledge, visitors can get hands-on experience of preparing cosmetics. The centre offers cream and\/or soap-making in the activity room as well as special, more sophisticated workshops ranging from the preparation of the M\u00e1di M\u00e1tka handmade soap to the alchemy of perfume distillation. Naturally the Herbal House also caters for those looking to enjoy cosmetic treatments. The beauticians based in the elegant beauty salon pamper visitors with plant-based Helia-D Professional and Zelka Natural Cosmetics.<\/p>\n<\/div><\/section><\/div><div class=\"flex_column av_one_fourth  flex_column_div   avia-builder-el-18  el_after_av_three_fourth  el_before_av_hr  \" style='padding:24px 0px 0px 0px ; border-radius:0px; '><div  class='avia-image-container  av-styling-    avia-builder-el-19  avia-builder-el-no-sibling  avia-align-center '  itemprop=\"image\" itemscope=\"itemscope\" itemtype=\"https:\/\/schema.org\/ImageObject\"  ><div class='avia-image-container-inner'><div class='avia-image-overlay-wrap'><img class='wp-image-1811 avia-img-lazy-loading-not-1811 avia_image' src=\"https:\/\/herbakastely.hu\/hk-content\/uploads\/2015\/08\/HD_Prof_Tokaji_Kremgel-300x300.png\" alt='' title='Tokaji Asz\u00fas Kr\u00e9mg\u00e9l' height=\"300\" width=\"300\"  itemprop=\"thumbnailUrl\" srcset=\"https:\/\/herbakastely.hu\/hk-content\/uploads\/2015\/08\/HD_Prof_Tokaji_Kremgel-300x300.png 300w, https:\/\/herbakastely.hu\/hk-content\/uploads\/2015\/08\/HD_Prof_Tokaji_Kremgel-80x80.png 80w, https:\/\/herbakastely.hu\/hk-content\/uploads\/2015\/08\/HD_Prof_Tokaji_Kremgel-36x36.png 36w, https:\/\/herbakastely.hu\/hk-content\/uploads\/2015\/08\/HD_Prof_Tokaji_Kremgel-180x180.png 180w, https:\/\/herbakastely.hu\/hk-content\/uploads\/2015\/08\/HD_Prof_Tokaji_Kremgel-120x120.png 120w, https:\/\/herbakastely.hu\/hk-content\/uploads\/2015\/08\/HD_Prof_Tokaji_Kremgel.png 437w\" sizes=\"(max-width: 300px) 100vw, 300px\" \/><\/div><\/div><\/div><\/div><div   class='hr hr-default   avia-builder-el-20  el_after_av_one_fourth  el_before_av_heading '><span class='hr-inner ' ><span class='hr-inner-style'><\/span><\/span><\/div>\n<div  style='padding-bottom:36px; ' class='av-special-heading av-special-heading-h2  blockquote modern-quote modern-centered  avia-builder-el-21  el_after_av_hr  el_before_av_image  '><h2 class='av-special-heading-tag '  itemprop=\"headline\"  >A Helia-D Herba-kast\u00e9ly Caf\u00e9<\/h2><div class='special-heading-border'><div class='special-heading-inner-border' ><\/div><\/div><\/div>\n<div  class='avia-image-container  av-styling-    avia-builder-el-22  el_after_av_heading  el_before_av_textblock  avia-align- '  itemprop=\"image\" itemscope=\"itemscope\" itemtype=\"https:\/\/schema.org\/ImageObject\"  ><div class='avia-image-container-inner'><div class='avia-image-overlay-wrap'><img class='wp-image-1781 avia-img-lazy-loading-not-1781 avia_image' src=\"https:\/\/herbakastely.hu\/hk-content\/uploads\/2015\/08\/herbakastely-cikk-2015090103.jpg\" alt='' title='Helia-D Herba-kast\u00e9ly Gy\u00f3gyn\u00f6v\u00e9ny- \u00e9s Sz\u00e9ps\u00e9gk\u00f6zpont' height=\"420\" width=\"880\"  itemprop=\"thumbnailUrl\" srcset=\"https:\/\/herbakastely.hu\/hk-content\/uploads\/2015\/08\/herbakastely-cikk-2015090103.jpg 880w, https:\/\/herbakastely.hu\/hk-content\/uploads\/2015\/08\/herbakastely-cikk-2015090103-300x143.jpg 300w, https:\/\/herbakastely.hu\/hk-content\/uploads\/2015\/08\/herbakastely-cikk-2015090103-705x336.jpg 705w, https:\/\/herbakastely.hu\/hk-content\/uploads\/2015\/08\/herbakastely-cikk-2015090103-450x215.jpg 450w\" sizes=\"(max-width: 880px) 100vw, 880px\" \/><\/div><\/div><\/div>\n<section class=\"av_textblock_section \"  itemscope=\"itemscope\" itemtype=\"https:\/\/schema.org\/CreativeWork\" ><div class='avia_textblock  '   itemprop=\"text\" ><p>What else can make beauty from outside and within more complete than a cup of herbal tea or a glass of Tokaj? These can be enjoyed under the vaulted ceiling of the tea-and-wine bar where the visitor is surrounded by timeless splendour, a fitting setting for culinary adventures too, such as special wine tasting dinners.<\/p>\n<p>The visitor can also take home herb and cosmetic products available in the little shop \u2013 the perfect gift to share or a great way to remember the Herbal House.<\/p>\n<\/div><\/section>\n<\/div><\/div><\/div><!-- close content main div --><\/div><\/div><div id='after_section_3'  class='main_color av_default_container_wrap container_wrap sidebar_right' style=' '  ><div class='container' ><div class='template-page content  av-content-small alpha units'><div class='post-entry post-entry-type-page post-entry-381'><div class='entry-content-wrapper clearfix'>\n","protected":false},"excerpt":{"rendered":"","protected":false},"author":3,"featured_media":0,"parent":0,"menu_order":0,"comment_status":"closed","ping_status":"closed","template":"","meta":[],"_links":{"self":[{"href":"https:\/\/herbakastely.hu\/en\/wp-json\/wp\/v2\/pages\/381"}],"collection":[{"href":"https:\/\/herbakastely.hu\/en\/wp-json\/wp\/v2\/pages"}],"about":[{"href":"https:\/\/herbakastely.hu\/en\/wp-json\/wp\/v2\/types\/page"}],"author":[{"embeddable":true,"href":"https:\/\/herbakastely.hu\/en\/wp-json\/wp\/v2\/users\/3"}],"replies":[{"embeddable":true,"href":"https:\/\/herbakastely.hu\/en\/wp-json\/wp\/v2\/comments?post=381"}],"version-history":[{"count":1,"href":"https:\/\/herbakastely.hu\/en\/wp-json\/wp\/v2\/pages\/381\/revisions"}],"predecessor-version":[{"id":2871,"href":"https:\/\/herbakastely.hu\/en\/wp-json\/wp\/v2\/pages\/381\/revisions\/2871"}],"wp:attachment":[{"href":"https:\/\/herbakastely.hu\/en\/wp-json\/wp\/v2\/media?parent=381"}],"curies":[{"name":"wp","href":"https:\/\/api.w.org\/{rel}","templated":true}]}}