{"id":857,"date":"2016-08-09T13:39:14","date_gmt":"2016-08-09T11:39:14","guid":{"rendered":"https:\/\/herbakastely.hu\/en\/?page_id=857"},"modified":"2019-11-02T17:58:16","modified_gmt":"2019-11-02T16:58:16","slug":"helia-d-herbal-house","status":"publish","type":"page","link":"https:\/\/herbakastely.hu\/en\/helia-d-herbal-house\/","title":{"rendered":"Helia-D Herbal House"},"content":{"rendered":"<p><div id='home-intro'  class='avia-section main_color avia-section-default avia-no-shadow  avia-full-stretch avia-bg-style-fixed  avia-builder-el-0  el_before_av_section  avia-builder-el-first   av-minimum-height av-minimum-height-75  container_wrap sidebar_right' style='background-repeat: no-repeat; background-image: url(https:\/\/herbakastely.hu\/hk-content\/uploads\/2015\/08\/heliad-d-herbakastely-home.jpg);background-attachment: fixed; background-position: center center;  '  data-section-bg-repeat='stretch' data-av_minimum_height_pc='75'><div class='container' ><main  role=\"main\" itemprop=\"mainContentOfPage\"  class='template-page content  av-content-small alpha units'><div class='post-entry post-entry-type-page post-entry-857'><div class='entry-content-wrapper clearfix'> <\/div><\/div><\/main><!-- close content main element --><\/div><\/div><div id='av_section_2'  class='avia-section footer_color avia-section-default avia-no-shadow  avia-bg-style-scroll  avia-builder-el-1  el_after_av_section  el_before_av_section   av-arrow-down-section container_wrap sidebar_right' style=' '  ><div class='container' ><div class='template-page content  av-content-small alpha units'><div class='post-entry post-entry-type-page post-entry-857'><div class='entry-content-wrapper clearfix'> <div  style='padding-bottom:10px; color:#ffffff;font-size:32px;' class='av-special-heading av-special-heading-h1 custom-color-heading blockquote modern-quote modern-centered  avia-builder-el-2  avia-builder-el-no-sibling  av-inherit-size '><h1 class='av-special-heading-tag '  itemprop=\"headline\"  >HELIA-D HERBAL HOUSE VISITOR <span class='special_amp'>&amp;<\/span> BEAUTY CENTRE<\/h1><div class='special-heading-border'><div class='special-heading-inner-border' style='border-color:#ffffff'><\/div><\/div><\/div> <\/div><\/div><\/div><!-- close content main div --><\/div><div class='av-extra-border-element border-extra-arrow-down'><div class='av-extra-border-outer'><div class='av-extra-border-inner'  style='background-color:#bfa965;' ><\/div><\/div><\/div><\/div><div id='av_section_3'  class='avia-section main_color avia-section-huge avia-no-border-styling  avia-bg-style-scroll  avia-builder-el-3  el_after_av_section  el_before_av_section   container_wrap sidebar_right' style=' '  ><div class='container' ><div class='template-page content  av-content-small alpha units'><div class='post-entry post-entry-type-page post-entry-857'><div class='entry-content-wrapper clearfix'> <div  style='padding-bottom:18px; ' class='av-special-heading av-special-heading-h2  blockquote modern-quote modern-centered  avia-builder-el-4  el_before_av_textblock  avia-builder-el-first  '><h2 class='av-special-heading-tag '  itemprop=\"headline\"  >Tokaj wine region, a cradle of beauty<\/h2><div class='special-heading-border'><div class='special-heading-inner-border' ><\/div><\/div><\/div> <section class=\"av_textblock_section \"  itemscope=\"itemscope\" itemtype=\"https:\/\/schema.org\/CreativeWork\" ><div class='avia_textblock  '  style='font-size:18px; '  itemprop=\"text\" ><p style=\"text-align: center;\">Helia-D is opening a herb and beauty centre in Tolcsva, in the heart of the famous Tokaj wine region for those interested in beauty care and in the charms of the wine region, the cradle of Tokaji Eszencia, a nectar legendary for its healing properties.<\/p>\n<\/div><\/section> <div   class='hr hr-default   avia-builder-el-6  el_after_av_textblock  el_before_av_heading '><span class='hr-inner ' ><span class='hr-inner-style'><\/span><\/span><\/div> <div  style='padding-bottom:36px; ' class='av-special-heading av-special-heading-h2  blockquote modern-quote modern-centered  avia-builder-el-7  el_after_av_hr  el_before_av_image  '><h2 class='av-special-heading-tag '  itemprop=\"headline\"  >Helia-D<\/h2><div class='special-heading-border'><div class='special-heading-inner-border' ><\/div><\/div><\/div> <div  class='avia-image-container  av-styling-    avia-builder-el-8  el_after_av_heading  el_before_av_textblock  avia-align- '  itemprop=\"image\" itemscope=\"itemscope\" itemtype=\"https:\/\/schema.org\/ImageObject\"  ><div class='avia-image-container-inner'><div class='avia-image-overlay-wrap'><img class='wp-image-1787 avia-img-lazy-loading-not-1787 avia_image' src=\"https:\/\/herbakastely.hu\/hk-content\/uploads\/2015\/08\/herbakastely-cikk-2015090106.jpg\" alt='' title='Helia-D Herba-kast\u00e9ly Gy\u00f3gyn\u00f6v\u00e9ny- \u00e9s Sz\u00e9ps\u00e9gk\u00f6zpont' height=\"420\" width=\"880\"  itemprop=\"thumbnailUrl\" srcset=\"https:\/\/herbakastely.hu\/hk-content\/uploads\/2015\/08\/herbakastely-cikk-2015090106.jpg 880w, https:\/\/herbakastely.hu\/hk-content\/uploads\/2015\/08\/herbakastely-cikk-2015090106-300x143.jpg 300w, https:\/\/herbakastely.hu\/hk-content\/uploads\/2015\/08\/herbakastely-cikk-2015090106-705x336.jpg 705w, https:\/\/herbakastely.hu\/hk-content\/uploads\/2015\/08\/herbakastely-cikk-2015090106-450x215.jpg 450w\" sizes=\"(max-width: 880px) 100vw, 880px\" \/><\/div><\/div><\/div> <section class=\"av_textblock_section \"  itemscope=\"itemscope\" itemtype=\"https:\/\/schema.org\/CreativeWork\" ><div class='avia_textblock  '   itemprop=\"text\" ><p> Helia-D, the most well-known company in Hungarian quality skincare, has renovated a stunning 16<sup>th<\/sup>-century villa to bring the world of skincare and beauty products closer to those interested in quality cosmetics. <\/p>\n<\/div><\/section> <div   class='hr hr-default   avia-builder-el-10  el_after_av_textblock  el_before_av_heading '><span class='hr-inner ' ><span class='hr-inner-style'><\/span><\/span><\/div> <div  style='padding-bottom:36px; ' class='av-special-heading av-special-heading-h2  blockquote modern-quote modern-centered  avia-builder-el-11  el_after_av_hr  el_before_av_image  '><h2 class='av-special-heading-tag '  itemprop=\"headline\"  >Explore inside Helia-D Herbal House<\/h2><div class='special-heading-border'><div class='special-heading-inner-border' ><\/div><\/div><\/div> <div  class='avia-image-container  av-styling-    avia-builder-el-12  el_after_av_heading  el_before_av_textblock  avia-align- '  itemprop=\"image\" itemscope=\"itemscope\" itemtype=\"https:\/\/schema.org\/ImageObject\"  ><div class='avia-image-container-inner'><div class='avia-image-overlay-wrap'><img class='wp-image-1788 avia-img-lazy-loading-not-1788 avia_image' src=\"https:\/\/herbakastely.hu\/hk-content\/uploads\/2015\/08\/herbakastely-cikk-2015090107.jpg\" alt='' title='Helia-D Herba-kast\u00e9ly Gy\u00f3gyn\u00f6v\u00e9ny- \u00e9s Sz\u00e9ps\u00e9gk\u00f6zpont' height=\"420\" width=\"880\"  itemprop=\"thumbnailUrl\" srcset=\"https:\/\/herbakastely.hu\/hk-content\/uploads\/2015\/08\/herbakastely-cikk-2015090107.jpg 880w, https:\/\/herbakastely.hu\/hk-content\/uploads\/2015\/08\/herbakastely-cikk-2015090107-300x143.jpg 300w, https:\/\/herbakastely.hu\/hk-content\/uploads\/2015\/08\/herbakastely-cikk-2015090107-705x336.jpg 705w, https:\/\/herbakastely.hu\/hk-content\/uploads\/2015\/08\/herbakastely-cikk-2015090107-450x215.jpg 450w\" sizes=\"(max-width: 880px) 100vw, 880px\" \/><\/div><\/div><\/div> <section class=\"av_textblock_section \"  itemscope=\"itemscope\" itemtype=\"https:\/\/schema.org\/CreativeWork\" ><div class='avia_textblock  '   itemprop=\"text\" ><p> Helia-D uses plant-based active ingredients in its products, and the Herbal House is the perfect opportunity to show plants in its garden suitable for healing and beautifying the visitors. Old prints of herbs and plants adorn the corridors of the Baroque mansion which has an extensive herbal library. The three exhibition rooms neighbouring the library present the long history of the beauty industry, starting from the collection of herbs and travelling through the history of the Hungarian beauty business, including success stories from the wine region, like Est\u00e9e Lauder. <\/p>\n<\/div><\/section>  <\/div><\/div><\/div><!-- close content main div --><\/div><\/div><div id='av_section_4'  class='avia-section main_color avia-section-default avia-no-shadow  avia-bg-style-scroll  avia-builder-el-14  el_after_av_section  avia-builder-el-last   container_wrap sidebar_right' style=' '  ><div class='container' ><div class='template-page content  av-content-small alpha units'><div class='post-entry post-entry-type-page post-entry-857'><div class='entry-content-wrapper clearfix'> <div  class='av-social-sharing-box  avia-builder-el-15  el_before_av_hr  avia-builder-el-first  '><div class='av-share-box'><h5 class='av-share-link-description av-no-toc '>Oldal megoszt\u00e1sa<\/h5><ul class='av-share-box-list noLightbox'><li class='av-share-link av-social-link-facebook' ><a target=\"_blank\" aria-label=\"Share on Facebook\" href='https:\/\/www.facebook.com\/sharer.php?u=https:\/\/herbakastely.hu\/en\/helia-d-herbal-house\/&#038;t=Helia-D%20Herbal%20House' aria-hidden='false' data-av_icon='\ue8f3' data-av_iconfont='entypo-fontello' title='' data-avia-related-tooltip='Share on Facebook' rel=\"noopener\"><span class='avia_hidden_link_text'>Share on Facebook<\/span><\/a><\/li><li class='av-share-link av-social-link-twitter' ><a target=\"_blank\" aria-label=\"Share on Twitter\" href='https:\/\/twitter.com\/share?text=Helia-D%20Herbal%20House&#038;url=https:\/\/herbakastely.hu\/en\/?p=857' aria-hidden='false' data-av_icon='\ue8f1' data-av_iconfont='entypo-fontello' title='' data-avia-related-tooltip='Share on Twitter' rel=\"noopener\"><span class='avia_hidden_link_text'>Share on Twitter<\/span><\/a><\/li><li class='av-share-link av-social-link-whatsapp' ><a target=\"_blank\" aria-label=\"Share on WhatsApp\" href='https:\/\/api.whatsapp.com\/send?text=https:\/\/herbakastely.hu\/en\/helia-d-herbal-house\/' aria-hidden='false' data-av_icon='\uf232' data-av_iconfont='entypo-fontello' title='' data-avia-related-tooltip='Share on WhatsApp' rel=\"noopener\"><span class='avia_hidden_link_text'>Share on WhatsApp<\/span><\/a><\/li><li class='av-share-link av-social-link-pinterest' ><a target=\"_blank\" aria-label=\"Share on Pinterest\" href='https:\/\/pinterest.com\/pin\/create\/button\/?url=https%3A%2F%2Fherbakastely.hu%2Fen%2Fhelia-d-herbal-house%2F&#038;description=Helia-D%20Herbal%20House&#038;media=' aria-hidden='false' data-av_icon='\ue8f8' data-av_iconfont='entypo-fontello' title='' data-avia-related-tooltip='Share on Pinterest' rel=\"noopener\"><span class='avia_hidden_link_text'>Share on Pinterest<\/span><\/a><\/li><li class='av-share-link av-social-link-linkedin' ><a target=\"_blank\" aria-label=\"Share on LinkedIn\" href='https:\/\/linkedin.com\/shareArticle?mini=true&#038;title=Helia-D%20Herbal%20House&#038;url=https:\/\/herbakastely.hu\/en\/helia-d-herbal-house\/' aria-hidden='false' data-av_icon='\ue8fc' data-av_iconfont='entypo-fontello' title='' data-avia-related-tooltip='Share on LinkedIn' rel=\"noopener\"><span class='avia_hidden_link_text'>Share on LinkedIn<\/span><\/a><\/li><li class='av-share-link av-social-link-tumblr' ><a target=\"_blank\" aria-label=\"Share on Tumblr\" href='https:\/\/www.tumblr.com\/share\/link?url=https%3A%2F%2Fherbakastely.hu%2Fen%2Fhelia-d-herbal-house%2F&#038;name=Helia-D%20Herbal%20House&#038;description=' aria-hidden='false' data-av_icon='\ue8fa' data-av_iconfont='entypo-fontello' title='' data-avia-related-tooltip='Share on Tumblr' rel=\"noopener\"><span class='avia_hidden_link_text'>Share on Tumblr<\/span><\/a><\/li><li class='av-share-link av-social-link-reddit' ><a target=\"_blank\" aria-label=\"Share on Reddit\" href='https:\/\/reddit.com\/submit?url=https:\/\/herbakastely.hu\/en\/helia-d-herbal-house\/&#038;title=Helia-D%20Herbal%20House' aria-hidden='false' data-av_icon='\ue927' data-av_iconfont='entypo-fontello' title='' data-avia-related-tooltip='Share on Reddit' rel=\"noopener\"><span class='avia_hidden_link_text'>Share on Reddit<\/span><\/a><\/li><li class='av-share-link av-social-link-mail' ><a  aria-label=\"Share by Mail\" href='mailto:?subject=Helia-D%20Herbal%20House&#038;body=https:\/\/herbakastely.hu\/en\/helia-d-herbal-house\/' aria-hidden='false' data-av_icon='\ue805' data-av_iconfont='entypo-fontello' title='' data-avia-related-tooltip='Share by Mail'><span class='avia_hidden_link_text'>Share by Mail<\/span><\/a><\/li><\/ul><\/div><\/div> <div  style='height:24px' class='hr hr-invisible   avia-builder-el-16  el_after_av_social_share  avia-builder-el-last '><span class='hr-inner ' ><span class='hr-inner-style'><\/span><\/span><\/div> <\/div><\/div><\/div><!-- close content main div --><\/div><\/div><div id='after_section_4'  class='main_color av_default_container_wrap container_wrap sidebar_right' style=' '  ><div class='container' ><div class='template-page content  av-content-small alpha units'><div class='post-entry post-entry-type-page post-entry-857'><div class='entry-content-wrapper clearfix'><\/p>\n","protected":false},"excerpt":{"rendered":"","protected":false},"author":3,"featured_media":0,"parent":0,"menu_order":0,"comment_status":"closed","ping_status":"closed","template":"","meta":[],"_links":{"self":[{"href":"https:\/\/herbakastely.hu\/en\/wp-json\/wp\/v2\/pages\/857"}],"collection":[{"href":"https:\/\/herbakastely.hu\/en\/wp-json\/wp\/v2\/pages"}],"about":[{"href":"https:\/\/herbakastely.hu\/en\/wp-json\/wp\/v2\/types\/page"}],"author":[{"embeddable":true,"href":"https:\/\/herbakastely.hu\/en\/wp-json\/wp\/v2\/users\/3"}],"replies":[{"embeddable":true,"href":"https:\/\/herbakastely.hu\/en\/wp-json\/wp\/v2\/comments?post=857"}],"version-history":[{"count":0,"href":"https:\/\/herbakastely.hu\/en\/wp-json\/wp\/v2\/pages\/857\/revisions"}],"wp:attachment":[{"href":"https:\/\/herbakastely.hu\/en\/wp-json\/wp\/v2\/media?parent=857"}],"curies":[{"name":"wp","href":"https:\/\/api.w.org\/{rel}","templated":true}]}}