{"id":862,"date":"2016-07-22T15:52:58","date_gmt":"2016-07-22T15:52:58","guid":{"rendered":"https:\/\/herbakastely.hu\/en\/cafe\/"},"modified":"2016-08-09T14:04:00","modified_gmt":"2016-08-09T12:04:00","slug":"cafe","status":"publish","type":"page","link":"https:\/\/herbakastely.hu\/en\/cafe\/","title":{"rendered":"Caf\u00e9 &#038; Shop"},"content":{"rendered":"<div id='home-intro'  class='avia-section main_color avia-section-no-padding avia-no-shadow  avia-full-stretch avia-bg-style-fixed  avia-builder-el-0  el_before_av_section  avia-builder-el-first   av-minimum-height av-minimum-height-75  container_wrap sidebar_right' style='background-repeat: no-repeat; background-image: url(https:\/\/herbakastely.hu\/hk-content\/uploads\/2016\/07\/IMG_2508.jpg);background-attachment: fixed; background-position: center center;  '  data-section-bg-repeat='stretch' data-av_minimum_height_pc='75'><div class='container' ><main  role=\"main\" itemprop=\"mainContentOfPage\"  class='template-page content  av-content-small alpha units'><div class='post-entry post-entry-type-page post-entry-862'><div class='entry-content-wrapper clearfix'>\n<\/div><\/div><\/main><!-- close content main element --><\/div><\/div><div id='av_section_2'  class='avia-section footer_color avia-section-default avia-no-shadow  avia-bg-style-scroll  avia-builder-el-1  el_after_av_section  el_before_av_section   av-arrow-down-section container_wrap sidebar_right' style=' '  ><div class='container' ><div class='template-page content  av-content-small alpha units'><div class='post-entry post-entry-type-page post-entry-862'><div class='entry-content-wrapper clearfix'>\n<div  style='padding-bottom:10px; color:#ffffff;font-size:32px;' class='av-special-heading av-special-heading-h1 custom-color-heading blockquote modern-quote modern-centered  avia-builder-el-2  avia-builder-el-no-sibling  av-inherit-size '><h1 class='av-special-heading-tag '  itemprop=\"headline\"  >Herbal House Caf\u00e9 <span class='special_amp'>&amp;<\/span> Shop<\/h1><div class='special-heading-border'><div class='special-heading-inner-border' style='border-color:#ffffff'><\/div><\/div><\/div>\n<\/div><\/div><\/div><!-- close content main div --><\/div><div class='av-extra-border-element border-extra-arrow-down'><div class='av-extra-border-outer'><div class='av-extra-border-inner'  style='background-color:#bfa965;' ><\/div><\/div><\/div><\/div><div id='av_section_3'  class='avia-section main_color avia-section-huge avia-no-border-styling  avia-bg-style-scroll  avia-builder-el-3  el_after_av_section  el_before_av_section   container_wrap sidebar_right' style=' '  ><div class='container' ><div class='template-page content  av-content-small alpha units'><div class='post-entry post-entry-type-page post-entry-862'><div class='entry-content-wrapper clearfix'>\n\n<section class=\"av_textblock_section \"  itemscope=\"itemscope\" itemtype=\"https:\/\/schema.org\/CreativeWork\" ><div class='avia_textblock  '  style='font-size:18px; '  itemprop=\"text\" ><p>What else can make beauty from outside and within more complete than a cup of herbal tea or a glass of Tokaj? These can be enjoyed under the vaulted ceiling of the tea-and-wine bar where the visitor is surrounded by timeless splendour, a fitting setting for culinary adventures too, such as special wine tasting dinners.<\/p>\n<p>The visitor can also take home herb and cosmetic products available in the little shop \u2013 the perfect gift to share or a great way to remember the Herbal House.<\/p>\n<\/div><\/section>\n<section class=\"av_textblock_section \"  itemscope=\"itemscope\" itemtype=\"https:\/\/schema.org\/CreativeWork\" ><div class='avia_textblock  '  style='font-size:18px; '  itemprop=\"text\" ><p><img loading=\"lazy\" class=\"alignleft size-full wp-image-665\" src=\"https:\/\/herbakastely.hu\/hk-content\/uploads\/2016\/07\/IMG_2516.jpg\" alt=\"IMG_2516\" width=\"1500\" height=\"1000\" srcset=\"https:\/\/herbakastely.hu\/hk-content\/uploads\/2016\/07\/IMG_2516.jpg 1500w, https:\/\/herbakastely.hu\/hk-content\/uploads\/2016\/07\/IMG_2516-300x200.jpg 300w, https:\/\/herbakastely.hu\/hk-content\/uploads\/2016\/07\/IMG_2516-768x512.jpg 768w, https:\/\/herbakastely.hu\/hk-content\/uploads\/2016\/07\/IMG_2516-1030x687.jpg 1030w, https:\/\/herbakastely.hu\/hk-content\/uploads\/2016\/07\/IMG_2516-705x470.jpg 705w, https:\/\/herbakastely.hu\/hk-content\/uploads\/2016\/07\/IMG_2516-450x300.jpg 450w\" sizes=\"(max-width: 1500px) 100vw, 1500px\" \/><\/p>\n<\/div><\/section>\n<div   class='hr hr-default   avia-builder-el-7  el_after_av_textblock  el_before_av_heading '><span class='hr-inner ' ><span class='hr-inner-style'><\/span><\/span><\/div>\n<div  style='padding-bottom:36px; ' class='av-special-heading av-special-heading-h2  blockquote modern-quote modern-centered  avia-builder-el-8  el_after_av_hr  el_before_av_textblock  '><h2 class='av-special-heading-tag '  itemprop=\"headline\"  >Herbal House Caf\u00e9 Price List<\/h2><div class='special-heading-border'><div class='special-heading-inner-border' ><\/div><\/div><\/div>\n<section class=\"av_textblock_section \"  itemscope=\"itemscope\" itemtype=\"https:\/\/schema.org\/CreativeWork\" ><div class='avia_textblock  '  style='font-size:18px; '  itemprop=\"text\" ><p>A Herba-kast\u00e9ly als\u00f3 szintj\u00e9n, a renesz\u00e1nsz bolt\u00edvek alatt tal\u00e1lhat\u00f3 k\u00e1v\u00e9z\u00f3nkban helyi gy\u00f3gyn\u00f6v\u00e9nyes k\u00fcl\u00f6nlegess\u00e9gekkel v\u00e1rjuk vend\u00e9geinket: k\u00e1v\u00e9 \u00e9s lekv\u00e1r Tokajb\u00f3l, sz\u00f6rp\u00f6k \u00e9s szikv\u00edz Bodrogkereszt\u00farb\u00f3l, m\u00e9zespuszedli H\u00e1romhut\u00e1r\u00f3l, perec Erd\u0151horv\u00e1tib\u00f3l, borok M\u00e1dr\u00f3l \u00e9s Olaszliszk\u00e1r\u00f3l.<\/p>\n<p>Csak miattunk j\u00f6n Tolcsv\u00e1ra vagy erre j\u00e1rva ben\u00e9z hozz\u00e1nk? &#8211;\u00a0Mindk\u00e9t esetben szeretettel v\u00e1rjuk!<\/p>\n<p>A Herba-kast\u00e9ly Caf\u00e9 \u00e1rlista: <a href=\"https:\/\/herbakastely.hu\/hk-content\/uploads\/2016\/07\/herba-kastely_cafe.pdf\">Let\u00f6lt\u00e9s <\/a>(PDF ~2MB)<\/p>\n<\/div><\/section>\n<div   class='hr hr-default   avia-builder-el-10  el_after_av_textblock  el_before_av_heading '><span class='hr-inner ' ><span class='hr-inner-style'><\/span><\/span><\/div>\n<div  style='padding-bottom:36px; ' class='av-special-heading av-special-heading-h2  blockquote modern-quote modern-centered  avia-builder-el-11  el_after_av_hr  el_before_av_textblock  '><h2 class='av-special-heading-tag '  itemprop=\"headline\"  >Herbal House Shop<\/h2><div class='special-heading-border'><div class='special-heading-inner-border' ><\/div><\/div><\/div>\n<section class=\"av_textblock_section \"  itemscope=\"itemscope\" itemtype=\"https:\/\/schema.org\/CreativeWork\" ><div class='avia_textblock  '  style='font-size:18px; '  itemprop=\"text\" ><p>A k\u00e1v\u00e9z\u00f3ban Helia-D, Helia-D Professional \u00e9s Zelka term\u00e9keinket is \u00e1rus\u00edtjuk.<\/p>\n<p>Helia-D \u00e1rlista: <a href=\"https:\/\/herbakastely.hu\/hk-content\/uploads\/2016\/07\/Helia-D_classicco.pdf\">Let\u00f6lt\u00e9s <\/a>(PDF ~2MB)<\/p>\n<p>Helia-D Professional\u00a0\u00e1rlista:\u00a0<a href=\"https:\/\/herbakastely.hu\/hk-content\/uploads\/2016\/07\/Helia_D_professional.pdf\">Let\u00f6lt\u00e9s <\/a>(PDF ~2MB)<\/p>\n<p>Zelka\u00a0\u00e1rlista:\u00a0<a href=\"https:\/\/herbakastely.hu\/hk-content\/uploads\/2016\/07\/Helia-D_Zelka.pdf\">Let\u00f6lt\u00e9s <\/a>(PDF ~2MB)<\/p>\n<\/div><\/section>\n<section class=\"av_textblock_section \"  itemscope=\"itemscope\" itemtype=\"https:\/\/schema.org\/CreativeWork\" ><div class='avia_textblock  '  style='font-size:18px; '  itemprop=\"text\" ><p><img loading=\"lazy\" class=\"alignleft size-full wp-image-809\" src=\"https:\/\/herbakastely.hu\/hk-content\/uploads\/2016\/07\/IMG_8563.jpg\" alt=\"IMG_8563\" width=\"1500\" height=\"1000\" srcset=\"https:\/\/herbakastely.hu\/hk-content\/uploads\/2016\/07\/IMG_8563.jpg 1500w, https:\/\/herbakastely.hu\/hk-content\/uploads\/2016\/07\/IMG_8563-300x200.jpg 300w, https:\/\/herbakastely.hu\/hk-content\/uploads\/2016\/07\/IMG_8563-768x512.jpg 768w, https:\/\/herbakastely.hu\/hk-content\/uploads\/2016\/07\/IMG_8563-1030x687.jpg 1030w, https:\/\/herbakastely.hu\/hk-content\/uploads\/2016\/07\/IMG_8563-705x470.jpg 705w, https:\/\/herbakastely.hu\/hk-content\/uploads\/2016\/07\/IMG_8563-450x300.jpg 450w\" sizes=\"(max-width: 1500px) 100vw, 1500px\" \/><\/p>\n<\/div><\/section>\n<\/p>\n<\/div><\/div><\/div><!-- close content main div --><\/div><\/div><div id='av_section_4'  class='avia-section main_color avia-section-default avia-no-shadow  avia-bg-style-scroll  avia-builder-el-14  el_after_av_section  avia-builder-el-last   container_wrap sidebar_right' style=' '  ><div class='container' ><div class='template-page content  av-content-small alpha units'><div class='post-entry post-entry-type-page post-entry-862'><div class='entry-content-wrapper clearfix'>\n<div  class='av-social-sharing-box  avia-builder-el-15  el_before_av_hr  avia-builder-el-first  '><div class='av-share-box'><h5 class='av-share-link-description av-no-toc '>Oldal megoszt\u00e1sa<\/h5><ul class='av-share-box-list noLightbox'><li class='av-share-link av-social-link-facebook' ><a target=\"_blank\" aria-label=\"Share on Facebook\" href='https:\/\/www.facebook.com\/sharer.php?u=https:\/\/herbakastely.hu\/en\/cafe\/&#038;t=Caf%C3%A9%20%26%20Shop' aria-hidden='false' data-av_icon='\ue8f3' data-av_iconfont='entypo-fontello' title='' data-avia-related-tooltip='Share on Facebook' rel=\"noopener\"><span class='avia_hidden_link_text'>Share on Facebook<\/span><\/a><\/li><li class='av-share-link av-social-link-twitter' ><a target=\"_blank\" aria-label=\"Share on Twitter\" href='https:\/\/twitter.com\/share?text=Caf%C3%A9%20%26%20Shop&#038;url=https:\/\/herbakastely.hu\/en\/?p=862' aria-hidden='false' data-av_icon='\ue8f1' data-av_iconfont='entypo-fontello' title='' data-avia-related-tooltip='Share on Twitter' rel=\"noopener\"><span class='avia_hidden_link_text'>Share on Twitter<\/span><\/a><\/li><li class='av-share-link av-social-link-whatsapp' ><a target=\"_blank\" aria-label=\"Share on WhatsApp\" href='https:\/\/api.whatsapp.com\/send?text=https:\/\/herbakastely.hu\/en\/cafe\/' aria-hidden='false' data-av_icon='\uf232' data-av_iconfont='entypo-fontello' title='' data-avia-related-tooltip='Share on WhatsApp' rel=\"noopener\"><span class='avia_hidden_link_text'>Share on WhatsApp<\/span><\/a><\/li><li class='av-share-link av-social-link-pinterest' ><a target=\"_blank\" aria-label=\"Share on Pinterest\" href='https:\/\/pinterest.com\/pin\/create\/button\/?url=https%3A%2F%2Fherbakastely.hu%2Fen%2Fcafe%2F&#038;description=Caf%C3%A9%20%26%20Shop&#038;media=' aria-hidden='false' data-av_icon='\ue8f8' data-av_iconfont='entypo-fontello' title='' data-avia-related-tooltip='Share on Pinterest' rel=\"noopener\"><span class='avia_hidden_link_text'>Share on Pinterest<\/span><\/a><\/li><li class='av-share-link av-social-link-linkedin' ><a target=\"_blank\" aria-label=\"Share on LinkedIn\" href='https:\/\/linkedin.com\/shareArticle?mini=true&#038;title=Caf%C3%A9%20%26%20Shop&#038;url=https:\/\/herbakastely.hu\/en\/cafe\/' aria-hidden='false' data-av_icon='\ue8fc' data-av_iconfont='entypo-fontello' title='' data-avia-related-tooltip='Share on LinkedIn' rel=\"noopener\"><span class='avia_hidden_link_text'>Share on LinkedIn<\/span><\/a><\/li><li class='av-share-link av-social-link-tumblr' ><a target=\"_blank\" aria-label=\"Share on Tumblr\" href='https:\/\/www.tumblr.com\/share\/link?url=https%3A%2F%2Fherbakastely.hu%2Fen%2Fcafe%2F&#038;name=Caf%C3%A9%20%26%20Shop&#038;description=' aria-hidden='false' data-av_icon='\ue8fa' data-av_iconfont='entypo-fontello' title='' data-avia-related-tooltip='Share on Tumblr' rel=\"noopener\"><span class='avia_hidden_link_text'>Share on Tumblr<\/span><\/a><\/li><li class='av-share-link av-social-link-reddit' ><a target=\"_blank\" aria-label=\"Share on Reddit\" href='https:\/\/reddit.com\/submit?url=https:\/\/herbakastely.hu\/en\/cafe\/&#038;title=Caf%C3%A9%20%26%20Shop' aria-hidden='false' data-av_icon='\ue927' data-av_iconfont='entypo-fontello' title='' data-avia-related-tooltip='Share on Reddit' rel=\"noopener\"><span class='avia_hidden_link_text'>Share on Reddit<\/span><\/a><\/li><li class='av-share-link av-social-link-mail' ><a  aria-label=\"Share by Mail\" href='mailto:?subject=Caf%C3%A9%20%26%20Shop&#038;body=https:\/\/herbakastely.hu\/en\/cafe\/' aria-hidden='false' data-av_icon='\ue805' data-av_iconfont='entypo-fontello' title='' data-avia-related-tooltip='Share by Mail'><span class='avia_hidden_link_text'>Share by Mail<\/span><\/a><\/li><\/ul><\/div><\/div>\n<div  style='height:24px' class='hr hr-invisible   avia-builder-el-16  el_after_av_social_share  avia-builder-el-last '><span class='hr-inner ' ><span class='hr-inner-style'><\/span><\/span><\/div>\n<\/div><\/div><\/div><!-- close content main div --><\/div><\/div><div id='after_section_4'  class='main_color av_default_container_wrap container_wrap sidebar_right' style=' '  ><div class='container' ><div class='template-page content  av-content-small alpha units'><div class='post-entry post-entry-type-page post-entry-862'><div class='entry-content-wrapper clearfix'>\n","protected":false},"excerpt":{"rendered":"","protected":false},"author":3,"featured_media":0,"parent":0,"menu_order":0,"comment_status":"closed","ping_status":"closed","template":"","meta":[],"_links":{"self":[{"href":"https:\/\/herbakastely.hu\/en\/wp-json\/wp\/v2\/pages\/862"}],"collection":[{"href":"https:\/\/herbakastely.hu\/en\/wp-json\/wp\/v2\/pages"}],"about":[{"href":"https:\/\/herbakastely.hu\/en\/wp-json\/wp\/v2\/types\/page"}],"author":[{"embeddable":true,"href":"https:\/\/herbakastely.hu\/en\/wp-json\/wp\/v2\/users\/3"}],"replies":[{"embeddable":true,"href":"https:\/\/herbakastely.hu\/en\/wp-json\/wp\/v2\/comments?post=862"}],"version-history":[{"count":0,"href":"https:\/\/herbakastely.hu\/en\/wp-json\/wp\/v2\/pages\/862\/revisions"}],"wp:attachment":[{"href":"https:\/\/herbakastely.hu\/en\/wp-json\/wp\/v2\/media?parent=862"}],"curies":[{"name":"wp","href":"https:\/\/api.w.org\/{rel}","templated":true}]}}